{"id":1506,"date":"2023-11-02T12:57:00","date_gmt":"2023-11-02T12:57:00","guid":{"rendered":"https:\/\/dev.gilis.lv\/?page_id=1506"},"modified":"2023-11-08T07:41:14","modified_gmt":"2023-11-08T07:41:14","slug":"bank-details","status":"publish","type":"page","link":"https:\/\/dev.gilis.lv\/en\/clinic\/bank-details\/","title":{"rendered":"Bank details"},"content":{"rendered":"<h3>SIA Plastikas \u0137irur\u0123ijas kl\u012bnika<\/h3>\n<p>Registration number: 50003077391<br \/>\nA\/S \u201dCitadele banka\u201d<br \/>\nSWIFT kods: PARX LV 22<br \/>\nIBAN konta Nr. LV18PARX0000041941014<\/p>\n<p>Please make payment to the clinic\u2019s account with such details: Prepayment, surgery date xx.xx.20xx. Name, Surname.<\/p>\n","protected":false},"excerpt":{"rendered":"<p>SIA Plastikas \u0137irur\u0123ijas kl\u012bnika Registration number: 50003077391 A\/S \u201dCitadele banka\u201d SWIFT kods: PARX LV 22 IBAN konta Nr. LV18PARX0000041941014 Please make payment to the clinic\u2019s account with such details: Prepayment, surgery date xx.xx.20xx. Name, Surname.<\/p>\n","protected":false},"author":2,"featured_media":0,"parent":789,"menu_order":3,"comment_status":"closed","ping_status":"closed","template":"","meta":{"_acf_changed":false,"footnotes":""},"class_list":["post-1506","page","type-page","status-publish","hentry"],"acf":[],"yoast_head":"<!-- This site is optimized with the Yoast SEO plugin v25.3.1 - https:\/\/yoast.com\/wordpress\/plugins\/seo\/ -->\n<title>Bank details - Gilis.lv<\/title>\n<meta name=\"robots\" content=\"noindex, follow, max-snippet:-1, max-image-preview:large, max-video-preview:-1\" \/>\n<meta property=\"og:locale\" content=\"en_US\" \/>\n<meta property=\"og:type\" content=\"article\" \/>\n<meta property=\"og:title\" content=\"Bank details - Gilis.lv\" \/>\n<meta property=\"og:description\" content=\"SIA Plastikas \u0137irur\u0123ijas kl\u012bnika Registration number: 50003077391 A\/S \u201dCitadele banka\u201d SWIFT kods: PARX LV 22 IBAN konta Nr. LV18PARX0000041941014 Please make payment to the clinic\u2019s account with such details: Prepayment, surgery date xx.xx.20xx. Name, Surname.\" \/>\n<meta property=\"og:url\" content=\"https:\/\/dev.gilis.lv\/en\/clinic\/bank-details\/\" \/>\n<meta property=\"og:site_name\" content=\"Gilis.lv\" \/>\n<meta property=\"article:modified_time\" content=\"2023-11-08T07:41:14+00:00\" \/>\n<meta name=\"twitter:card\" content=\"summary_large_image\" \/>\n<script type=\"application\/ld+json\" class=\"yoast-schema-graph\">{\"@context\":\"https:\/\/schema.org\",\"@graph\":[{\"@type\":\"WebPage\",\"@id\":\"https:\/\/dev.gilis.lv\/en\/clinic\/bank-details\/\",\"url\":\"https:\/\/dev.gilis.lv\/en\/clinic\/bank-details\/\",\"name\":\"Bank details - Gilis.lv\",\"isPartOf\":{\"@id\":\"https:\/\/dev.gilis.lv\/en\/#website\"},\"datePublished\":\"2023-11-02T12:57:00+00:00\",\"dateModified\":\"2023-11-08T07:41:14+00:00\",\"breadcrumb\":{\"@id\":\"https:\/\/dev.gilis.lv\/en\/clinic\/bank-details\/#breadcrumb\"},\"inLanguage\":\"en-US\",\"potentialAction\":[{\"@type\":\"ReadAction\",\"target\":[\"https:\/\/dev.gilis.lv\/en\/clinic\/bank-details\/\"]}]},{\"@type\":\"BreadcrumbList\",\"@id\":\"https:\/\/dev.gilis.lv\/en\/clinic\/bank-details\/#breadcrumb\",\"itemListElement\":[{\"@type\":\"ListItem\",\"position\":1,\"name\":\"Home\",\"item\":\"https:\/\/dev.gilis.lv\/en\/\"},{\"@type\":\"ListItem\",\"position\":2,\"name\":\"CLINIC\",\"item\":\"https:\/\/dev.gilis.lv\/en\/clinic\/\"},{\"@type\":\"ListItem\",\"position\":3,\"name\":\"Bank details\"}]},{\"@type\":\"WebSite\",\"@id\":\"https:\/\/dev.gilis.lv\/en\/#website\",\"url\":\"https:\/\/dev.gilis.lv\/en\/\",\"name\":\"Gilis.lv\",\"description\":\"Just another WordPress site\",\"potentialAction\":[{\"@type\":\"SearchAction\",\"target\":{\"@type\":\"EntryPoint\",\"urlTemplate\":\"https:\/\/dev.gilis.lv\/en\/?s={search_term_string}\"},\"query-input\":{\"@type\":\"PropertyValueSpecification\",\"valueRequired\":true,\"valueName\":\"search_term_string\"}}],\"inLanguage\":\"en-US\"}]}<\/script>\n<!-- \/ Yoast SEO plugin. -->","yoast_head_json":{"title":"Bank details - Gilis.lv","robots":{"index":"noindex","follow":"follow","max-snippet":"max-snippet:-1","max-image-preview":"max-image-preview:large","max-video-preview":"max-video-preview:-1"},"og_locale":"en_US","og_type":"article","og_title":"Bank details - Gilis.lv","og_description":"SIA Plastikas \u0137irur\u0123ijas kl\u012bnika Registration number: 50003077391 A\/S \u201dCitadele banka\u201d SWIFT kods: PARX LV 22 IBAN konta Nr. LV18PARX0000041941014 Please make payment to the clinic\u2019s account with such details: Prepayment, surgery date xx.xx.20xx. Name, Surname.","og_url":"https:\/\/dev.gilis.lv\/en\/clinic\/bank-details\/","og_site_name":"Gilis.lv","article_modified_time":"2023-11-08T07:41:14+00:00","twitter_card":"summary_large_image","schema":{"@context":"https:\/\/schema.org","@graph":[{"@type":"WebPage","@id":"https:\/\/dev.gilis.lv\/en\/clinic\/bank-details\/","url":"https:\/\/dev.gilis.lv\/en\/clinic\/bank-details\/","name":"Bank details - Gilis.lv","isPartOf":{"@id":"https:\/\/dev.gilis.lv\/en\/#website"},"datePublished":"2023-11-02T12:57:00+00:00","dateModified":"2023-11-08T07:41:14+00:00","breadcrumb":{"@id":"https:\/\/dev.gilis.lv\/en\/clinic\/bank-details\/#breadcrumb"},"inLanguage":"en-US","potentialAction":[{"@type":"ReadAction","target":["https:\/\/dev.gilis.lv\/en\/clinic\/bank-details\/"]}]},{"@type":"BreadcrumbList","@id":"https:\/\/dev.gilis.lv\/en\/clinic\/bank-details\/#breadcrumb","itemListElement":[{"@type":"ListItem","position":1,"name":"Home","item":"https:\/\/dev.gilis.lv\/en\/"},{"@type":"ListItem","position":2,"name":"CLINIC","item":"https:\/\/dev.gilis.lv\/en\/clinic\/"},{"@type":"ListItem","position":3,"name":"Bank details"}]},{"@type":"WebSite","@id":"https:\/\/dev.gilis.lv\/en\/#website","url":"https:\/\/dev.gilis.lv\/en\/","name":"Gilis.lv","description":"Just another WordPress site","potentialAction":[{"@type":"SearchAction","target":{"@type":"EntryPoint","urlTemplate":"https:\/\/dev.gilis.lv\/en\/?s={search_term_string}"},"query-input":{"@type":"PropertyValueSpecification","valueRequired":true,"valueName":"search_term_string"}}],"inLanguage":"en-US"}]}},"_links":{"self":[{"href":"https:\/\/dev.gilis.lv\/en\/wp-json\/wp\/v2\/pages\/1506","targetHints":{"allow":["GET"]}}],"collection":[{"href":"https:\/\/dev.gilis.lv\/en\/wp-json\/wp\/v2\/pages"}],"about":[{"href":"https:\/\/dev.gilis.lv\/en\/wp-json\/wp\/v2\/types\/page"}],"author":[{"embeddable":true,"href":"https:\/\/dev.gilis.lv\/en\/wp-json\/wp\/v2\/users\/2"}],"replies":[{"embeddable":true,"href":"https:\/\/dev.gilis.lv\/en\/wp-json\/wp\/v2\/comments?post=1506"}],"version-history":[{"count":2,"href":"https:\/\/dev.gilis.lv\/en\/wp-json\/wp\/v2\/pages\/1506\/revisions"}],"predecessor-version":[{"id":1509,"href":"https:\/\/dev.gilis.lv\/en\/wp-json\/wp\/v2\/pages\/1506\/revisions\/1509"}],"up":[{"embeddable":true,"href":"https:\/\/dev.gilis.lv\/en\/wp-json\/wp\/v2\/pages\/789"}],"wp:attachment":[{"href":"https:\/\/dev.gilis.lv\/en\/wp-json\/wp\/v2\/media?parent=1506"}],"curies":[{"name":"wp","href":"https:\/\/api.w.org\/{rel}","templated":true}]}}